{"id":6024,"date":"2025-08-13T07:37:03","date_gmt":"2025-08-13T07:37:03","guid":{"rendered":"https:\/\/stage.salzpfeife.wavance.com\/?page_id=6024"},"modified":"2025-09-17T09:29:16","modified_gmt":"2025-09-17T09:29:16","slug":"impressum","status":"publish","type":"page","link":"https:\/\/salzpfeife.at\/?page_id=6024","title":{"rendered":"Impressum"},"content":{"rendered":"<p>[et_pb_section fb_built=&#8220;1&#8243; admin_label=&#8220;Text&#8220; _builder_version=&#8220;4.27.4&#8243; _module_preset=&#8220;default&#8220; background_color=&#8220;#FFFFFF&#8220; background_image=&#8220;https:\/\/salzpfeife.at\/wp-content\/uploads\/Salzpfeife_klein.jpg&#8220; background_size=&#8220;custom&#8220; background_image_height=&#8220;46%&#8220; background_position=&#8220;center_left&#8220; background_horizontal_offset=&#8220;7%&#8220; custom_margin=&#8220;||||false|false&#8220; custom_padding=&#8220;||||false|false&#8220; top_divider_flip=&#8220;horizontal&#8220; bottom_divider_height=&#8220;111px&#8220; background_last_edited=&#8220;on|phone&#8220; background_enable_image_phone=&#8220;off&#8220; locked=&#8220;off&#8220; collapsed=&#8220;on&#8220; global_colors_info=&#8220;{%22#22577a%22:%91%22background_color%22%93}&#8220;][et_pb_row _builder_version=&#8220;4.25.1&#8243; _module_preset=&#8220;default&#8220; global_colors_info=&#8220;{}&#8220;][et_pb_column type=&#8220;4_4&#8243; _builder_version=&#8220;4.25.1&#8243; _module_preset=&#8220;default&#8220; global_colors_info=&#8220;{}&#8220;][et_pb_text _builder_version=&#8220;4.27.4&#8243; _module_preset=&#8220;default&#8220; text_text_color=&#8220;#383838&#8243; text_line_height=&#8220;1.8em&#8220; header_text_color=&#8220;#456889&#8243; header_2_font=&#8220;Trebuchet||||||||&#8220; header_2_text_color=&#8220;#333860&#8243; header_2_font_size=&#8220;40px&#8220; global_colors_info=&#8220;{}&#8220;]<\/p>\n<hr width=\"20%\" align=\"left\" color=\"#333860\" \/>\n<h2>Impressum<\/h2>\n<p>[\/et_pb_text][\/et_pb_column][\/et_pb_row][et_pb_row column_structure=&#8220;1_2,1_2&#8243; _builder_version=&#8220;4.27.4&#8243; _module_preset=&#8220;default&#8220; global_colors_info=&#8220;{}&#8220;][et_pb_column type=&#8220;1_2&#8243; _builder_version=&#8220;4.25.1&#8243; _module_preset=&#8220;default&#8220; global_colors_info=&#8220;{}&#8220;][et_pb_text _builder_version=&#8220;4.27.4&#8243; _module_preset=&#8220;default&#8220; text_text_color=&#8220;#383838&#8243; text_line_height=&#8220;1.8em&#8220; header_text_color=&#8220;#456889&#8243; header_2_font=&#8220;Trebuchet||||||||&#8220; header_2_text_color=&#8220;#333860&#8243; header_2_font_size=&#8220;40px&#8220; global_colors_info=&#8220;{}&#8220;]NZ Techno Handelsges.m.b.H.<\/p>\n<p>Gonzagagasse 11\/13<\/p>\n<p>A &#8211; 1010 Wien<\/p>\n<p>Telefon: +43 1 535 60 85<\/p>\n<p>Telefax: +43 1 535 60 85-89<\/p>\n<p>Internet: <a href=\"www.nztechno.at\" target=\"_new\">www.nztechno.at<\/a><\/p>\n<p>E-Mail: <a href=\"mailto:office@nztechno.at\" title=\"office@nztechno.at\">office@nztechno.at<\/a>[\/et_pb_text][\/et_pb_column][et_pb_column type=&#8220;1_2&#8243; _builder_version=&#8220;4.25.1&#8243; _module_preset=&#8220;default&#8220; global_colors_info=&#8220;{}&#8220;][et_pb_text _builder_version=&#8220;4.27.4&#8243; _module_preset=&#8220;default&#8220; text_text_color=&#8220;#383838&#8243; text_line_height=&#8220;1.8em&#8220; header_text_color=&#8220;#456889&#8243; header_2_font=&#8220;Trebuchet||||||||&#8220; header_2_text_color=&#8220;#333860&#8243; header_2_font_size=&#8220;40px&#8220; global_colors_info=&#8220;{}&#8220;]<\/p>\n<p>Vertretungsberechtigt: Mag. Niklas de Mar\u00e9<\/p>\n<p>Registergericht: Wien<\/p>\n<p>HRB: 110375<\/p>\n<p>Aufsichtsbeh\u00f6rde: Regierung Wien, \u00d6sterreich<\/p>\n<p>Firmenbuchnummer: FN 64562w<\/p>\n<p>UID: ATU15028707<\/p>\n<p>[\/et_pb_text][\/et_pb_column][\/et_pb_row][\/et_pb_section][et_pb_section fb_built=&#8220;1&#8243; admin_label=&#8220;Call to Action&#8220; _builder_version=&#8220;4.27.4&#8243; _module_preset=&#8220;default&#8220; background_color=&#8220;RGBA(255,255,255,0)&#8220; background_image=&#8220;https:\/\/salzpfeife.at\/wp-content\/uploads\/Footer_bg_bild_salzpfeife.jpg&#8220; background_position=&#8220;top_right&#8220; min_height_tablet=&#8220;&#8220; min_height_phone=&#8220;&#8220; min_height_last_edited=&#8220;on|desktop&#8220; locked=&#8220;off&#8220; collapsed=&#8220;on&#8220; global_colors_info=&#8220;{%22#22577a%22:%91%22background_color%22%93}&#8220;][et_pb_row column_structure=&#8220;1_2,1_2&#8243; _builder_version=&#8220;4.27.4&#8243; _module_preset=&#8220;5138c454-be54-4233-bd3b-f8e6a8747976&#8243; background_color=&#8220;RGBA(255,255,255,0)&#8220; global_colors_info=&#8220;{}&#8220;][et_pb_column type=&#8220;1_2&#8243; _builder_version=&#8220;4.16.0&#8243; _module_preset=&#8220;73121f80-a3ef-4484-8763-c3f18e3c56d2&#8243; global_colors_info=&#8220;{}&#8220;][et_pb_text _builder_version=&#8220;4.27.4&#8243; _module_preset=&#8220;default&#8220; header_text_align=&#8220;center&#8220; header_text_color=&#8220;#456889&#8243; header_2_font=&#8220;Trebuchet||||||||&#8220; header_2_text_align=&#8220;center&#8220; header_2_text_color=&#8220;#FFFFFF&#8220; header_2_font_size=&#8220;40px&#8220; custom_padding=&#8220;|||100px|false|false&#8220; custom_padding_tablet=&#8220;|||100px|false|false&#8220; custom_padding_phone=&#8220;|||0px|false|false&#8220; custom_padding_last_edited=&#8220;on|desktop&#8220; header_2_text_align_tablet=&#8220;center&#8220; header_2_text_align_phone=&#8220;left&#8220; header_2_text_align_last_edited=&#8220;on|phone&#8220; global_colors_info=&#8220;{}&#8220;]<\/p>\n<hr width=\"40%\" align=\"left\" color=\"#ffffff\" \/>\n<h2>Jetzt online bestellen<\/h2>\n<p>[\/et_pb_text][\/et_pb_column][et_pb_column type=&#8220;1_2&#8243; _builder_version=&#8220;4.16.0&#8243; _module_preset=&#8220;73121f80-a3ef-4484-8763-c3f18e3c56d2&#8243; global_colors_info=&#8220;{}&#8220;][et_pb_button button_url=&#8220;https:\/\/nztechno.at\/products\/saltpipe&#8220; url_new_window=&#8220;on&#8220; button_text=&#8220;Zum Online-Shop&#8220; button_alignment=&#8220;center&#8220; button_alignment_tablet=&#8220;right&#8220; button_alignment_phone=&#8220;left&#8220; button_alignment_last_edited=&#8220;on|desktop&#8220; _builder_version=&#8220;4.27.4&#8243; _module_preset=&#8220;ab15fb74-61a3-43aa-96b3-41e09aeef654&#8243; custom_button=&#8220;on&#8220; button_text_size=&#8220;22px&#8220; button_text_color=&#8220;#FFFFFF&#8220; button_bg_color=&#8220;#7B2F0D&#8220; button_border_width=&#8220;0px&#8220; button_border_radius=&#8220;100px&#8220; button_font=&#8220;|600|||||||&#8220; button_icon=&#8220;&#x41;||divi||400&#8243; button_icon_color=&#8220;#FFFFFF&#8220; button_on_hover=&#8220;off&#8220; custom_margin_tablet=&#8220;&#8220; custom_margin_phone=&#8220;||||false|false&#8220; custom_margin_last_edited=&#8220;on|phone&#8220; custom_padding=&#8220;19px|62px|19px|39px|true|false&#8220; global_colors_info=&#8220;{}&#8220;][\/et_pb_button][\/et_pb_column][\/et_pb_row][\/et_pb_section]<\/p>\n","protected":false},"excerpt":{"rendered":"<p>ImpressumNZ Techno Handelsges.m.b.H. Gonzagagasse 11\/13 A &#8211; 1010 Wien Telefon: +43 1 535 60 85 Telefax: +43 1 535 60 85-89 Internet: www.nztechno.at E-Mail: office@nztechno.atVertretungsberechtigt: Mag. Niklas de Mar\u00e9 Registergericht: Wien HRB: 110375 Aufsichtsbeh\u00f6rde: Regierung Wien, \u00d6sterreich Firmenbuchnummer: FN 64562w UID: ATU15028707 Jetzt online bestellen<\/p>\n","protected":false},"author":2,"featured_media":0,"parent":0,"menu_order":0,"comment_status":"closed","ping_status":"closed","template":"","meta":{"_et_pb_use_builder":"on","_et_pb_old_content":"","_et_gb_content_width":"","footnotes":""},"class_list":["post-6024","page","type-page","status-publish","hentry"],"yoast_head":"<!-- This site is optimized with the Yoast SEO plugin v26.9 - https:\/\/yoast.com\/product\/yoast-seo-wordpress\/ -->\n<title>Impressum - Saltpipe\u2122<\/title>\n<meta name=\"description\" content=\"Impressum: NZ Techno Handelsges.m.b.H.Gonzagagasse 11\/13A - 1010 Wien, E-Mail: office@nztechno.at, Vertretungsberechtigt: Mag. Niklas de Mar\u00e9\" \/>\n<meta name=\"robots\" content=\"index, follow, max-snippet:-1, max-image-preview:large, max-video-preview:-1\" \/>\n<link rel=\"canonical\" href=\"https:\/\/salzpfeife.at\/?page_id=6024\" \/>\n<meta property=\"og:locale\" content=\"de_DE\" \/>\n<meta property=\"og:type\" content=\"article\" \/>\n<meta property=\"og:title\" content=\"Impressum - Saltpipe\u2122\" \/>\n<meta property=\"og:description\" content=\"Impressum: NZ Techno Handelsges.m.b.H.Gonzagagasse 11\/13A - 1010 Wien, E-Mail: office@nztechno.at, Vertretungsberechtigt: Mag. Niklas de Mar\u00e9\" \/>\n<meta property=\"og:url\" content=\"https:\/\/salzpfeife.at\/?page_id=6024\" \/>\n<meta property=\"og:site_name\" content=\"Saltpipe\u2122\" \/>\n<meta property=\"article:modified_time\" content=\"2025-09-17T09:29:16+00:00\" \/>\n<meta name=\"twitter:card\" content=\"summary_large_image\" \/>\n<meta name=\"twitter:label1\" content=\"Gesch\u00e4tzte Lesezeit\" \/>\n\t<meta name=\"twitter:data1\" content=\"7\u00a0Minuten\" \/>\n<script type=\"application\/ld+json\" class=\"yoast-schema-graph\">{\"@context\":\"https:\/\/schema.org\",\"@graph\":[{\"@type\":\"WebPage\",\"@id\":\"https:\/\/salzpfeife.at\/?page_id=6024\",\"url\":\"https:\/\/salzpfeife.at\/?page_id=6024\",\"name\":\"Impressum - Saltpipe\u2122\",\"isPartOf\":{\"@id\":\"https:\/\/salzpfeife.at\/#website\"},\"datePublished\":\"2025-08-13T07:37:03+00:00\",\"dateModified\":\"2025-09-17T09:29:16+00:00\",\"description\":\"Impressum: NZ Techno Handelsges.m.b.H.Gonzagagasse 11\/13A - 1010 Wien, E-Mail: office@nztechno.at, Vertretungsberechtigt: Mag. Niklas de Mar\u00e9\",\"breadcrumb\":{\"@id\":\"https:\/\/salzpfeife.at\/?page_id=6024#breadcrumb\"},\"inLanguage\":\"de\",\"potentialAction\":[{\"@type\":\"ReadAction\",\"target\":[\"https:\/\/salzpfeife.at\/?page_id=6024\"]}]},{\"@type\":\"BreadcrumbList\",\"@id\":\"https:\/\/salzpfeife.at\/?page_id=6024#breadcrumb\",\"itemListElement\":[{\"@type\":\"ListItem\",\"position\":1,\"name\":\"Startseite\",\"item\":\"https:\/\/salzpfeife.at\/\"},{\"@type\":\"ListItem\",\"position\":2,\"name\":\"Impressum\"}]},{\"@type\":\"WebSite\",\"@id\":\"https:\/\/salzpfeife.at\/#website\",\"url\":\"https:\/\/salzpfeife.at\/\",\"name\":\"Saltpipe\u2122\",\"description\":\"Saltpipe\u2122 - Die mobile Salzmine\",\"potentialAction\":[{\"@type\":\"SearchAction\",\"target\":{\"@type\":\"EntryPoint\",\"urlTemplate\":\"https:\/\/salzpfeife.at\/?s={search_term_string}\"},\"query-input\":{\"@type\":\"PropertyValueSpecification\",\"valueRequired\":true,\"valueName\":\"search_term_string\"}}],\"inLanguage\":\"de\"}]}<\/script>\n<!-- \/ Yoast SEO plugin. -->","yoast_head_json":{"title":"Impressum - Saltpipe\u2122","description":"Impressum: NZ Techno Handelsges.m.b.H.Gonzagagasse 11\/13A - 1010 Wien, E-Mail: office@nztechno.at, Vertretungsberechtigt: Mag. Niklas de Mar\u00e9","robots":{"index":"index","follow":"follow","max-snippet":"max-snippet:-1","max-image-preview":"max-image-preview:large","max-video-preview":"max-video-preview:-1"},"canonical":"https:\/\/salzpfeife.at\/?page_id=6024","og_locale":"de_DE","og_type":"article","og_title":"Impressum - Saltpipe\u2122","og_description":"Impressum: NZ Techno Handelsges.m.b.H.Gonzagagasse 11\/13A - 1010 Wien, E-Mail: office@nztechno.at, Vertretungsberechtigt: Mag. Niklas de Mar\u00e9","og_url":"https:\/\/salzpfeife.at\/?page_id=6024","og_site_name":"Saltpipe\u2122","article_modified_time":"2025-09-17T09:29:16+00:00","twitter_card":"summary_large_image","twitter_misc":{"Gesch\u00e4tzte Lesezeit":"7\u00a0Minuten"},"schema":{"@context":"https:\/\/schema.org","@graph":[{"@type":"WebPage","@id":"https:\/\/salzpfeife.at\/?page_id=6024","url":"https:\/\/salzpfeife.at\/?page_id=6024","name":"Impressum - Saltpipe\u2122","isPartOf":{"@id":"https:\/\/salzpfeife.at\/#website"},"datePublished":"2025-08-13T07:37:03+00:00","dateModified":"2025-09-17T09:29:16+00:00","description":"Impressum: NZ Techno Handelsges.m.b.H.Gonzagagasse 11\/13A - 1010 Wien, E-Mail: office@nztechno.at, Vertretungsberechtigt: Mag. Niklas de Mar\u00e9","breadcrumb":{"@id":"https:\/\/salzpfeife.at\/?page_id=6024#breadcrumb"},"inLanguage":"de","potentialAction":[{"@type":"ReadAction","target":["https:\/\/salzpfeife.at\/?page_id=6024"]}]},{"@type":"BreadcrumbList","@id":"https:\/\/salzpfeife.at\/?page_id=6024#breadcrumb","itemListElement":[{"@type":"ListItem","position":1,"name":"Startseite","item":"https:\/\/salzpfeife.at\/"},{"@type":"ListItem","position":2,"name":"Impressum"}]},{"@type":"WebSite","@id":"https:\/\/salzpfeife.at\/#website","url":"https:\/\/salzpfeife.at\/","name":"Saltpipe\u2122","description":"Saltpipe\u2122 - Die mobile Salzmine","potentialAction":[{"@type":"SearchAction","target":{"@type":"EntryPoint","urlTemplate":"https:\/\/salzpfeife.at\/?s={search_term_string}"},"query-input":{"@type":"PropertyValueSpecification","valueRequired":true,"valueName":"search_term_string"}}],"inLanguage":"de"}]}},"_links":{"self":[{"href":"https:\/\/salzpfeife.at\/index.php?rest_route=\/wp\/v2\/pages\/6024","targetHints":{"allow":["GET"]}}],"collection":[{"href":"https:\/\/salzpfeife.at\/index.php?rest_route=\/wp\/v2\/pages"}],"about":[{"href":"https:\/\/salzpfeife.at\/index.php?rest_route=\/wp\/v2\/types\/page"}],"author":[{"embeddable":true,"href":"https:\/\/salzpfeife.at\/index.php?rest_route=\/wp\/v2\/users\/2"}],"replies":[{"embeddable":true,"href":"https:\/\/salzpfeife.at\/index.php?rest_route=%2Fwp%2Fv2%2Fcomments&post=6024"}],"version-history":[{"count":4,"href":"https:\/\/salzpfeife.at\/index.php?rest_route=\/wp\/v2\/pages\/6024\/revisions"}],"predecessor-version":[{"id":6084,"href":"https:\/\/salzpfeife.at\/index.php?rest_route=\/wp\/v2\/pages\/6024\/revisions\/6084"}],"wp:attachment":[{"href":"https:\/\/salzpfeife.at\/index.php?rest_route=%2Fwp%2Fv2%2Fmedia&parent=6024"}],"curies":[{"name":"wp","href":"https:\/\/api.w.org\/{rel}","templated":true}]}}